{"id":235999,"date":"2022-07-14T13:12:13","date_gmt":"2022-07-14T11:12:13","guid":{"rendered":"https:\/\/vikainterior.com\/about-us\/"},"modified":"2024-08-12T11:00:42","modified_gmt":"2024-08-12T09:00:42","slug":"who-i-am","status":"publish","type":"page","link":"https:\/\/vikainterior.com\/en\/who-i-am\/","title":{"rendered":"About us"},"content":{"rendered":"<p>[et_pb_section fb_built=&#8221;1&#8243; _builder_version=&#8221;4.17.6&#8243; _module_preset=&#8221;default&#8221; custom_css_main_element=&#8221;min-height: 90vh;  ||&#8221; border_width_bottom=&#8221;1px&#8221; global_colors_info=&#8221;{}&#8221;][et_pb_row column_structure=&#8221;3_5,2_5&#8243; _builder_version=&#8221;4.17.6&#8243; _module_preset=&#8221;default&#8221; global_colors_info=&#8221;{}&#8221;][et_pb_column type=&#8221;3_5&#8243; _builder_version=&#8221;4.17.6&#8243; _module_preset=&#8221;default&#8221; global_colors_info=&#8221;{}&#8221;][et_pb_text _builder_version=&#8221;4.27.0&#8243; _module_preset=&#8221;default&#8221; text_font=&#8221;AnekLatin &#8211; expanded-semibold||||||||&#8221; text_text_color=&#8221;#444F37&#8243; text_font_size=&#8221;45px&#8221; text_line_height=&#8221;1.2em&#8221; hover_enabled=&#8221;0&#8243; text_font_size_tablet=&#8221;40px&#8221; text_font_size_phone=&#8221;35px&#8221; text_font_size_last_edited=&#8221;on|tablet&#8221; global_colors_info=&#8221;{}&#8221; sticky_enabled=&#8221;0&#8243;]<\/p>\n<h1>Interior designers in Malaga<\/h1>\n<p>[\/et_pb_text][et_pb_text _builder_version=&#8221;4.27.0&#8243; _module_preset=&#8221;default&#8221; custom_padding=&#8221;||||false|false&#8221; hover_enabled=&#8221;0&#8243; global_colors_info=&#8221;{}&#8221; sticky_enabled=&#8221;0&#8243;]<\/p>\n<p>As an interior <a href=\"https:\/\/vikainterior.com\/en\/\">design studio in Malaga<\/a> we work with a multidisciplinary team of interior designers motivated by our vocation to offer a service aimed at transforming your space into a unique place.<\/p>\n<p>[\/et_pb_text][et_pb_text _builder_version=&#8221;4.27.0&#8243; _module_preset=&#8221;default&#8221; custom_margin=&#8221;0px||||false|false&#8221; hover_enabled=&#8221;0&#8243; global_colors_info=&#8221;{}&#8221; sticky_enabled=&#8221;0&#8243;]<\/p>\n<p>Find out how we work in interior design in Malaga, and the visible face behind each interior design project, Alfonso and Saray.<\/p>\n<p>[\/et_pb_text][\/et_pb_column][et_pb_column type=&#8221;2_5&#8243; _builder_version=&#8221;4.17.6&#8243; _module_preset=&#8221;default&#8221; global_colors_info=&#8221;{}&#8221;][et_pb_image src=&#8221;https:\/\/vikainterior.com\/wp-content\/uploads\/2024\/04\/saray-y-alfonso.jpeg&#8221; alt=&#8221;dise\u00f1ador de interiores en m\u00e1laga&#8221; title_text=&#8221;saray y alfonso&#8221; align_tablet=&#8221;center&#8221; align_phone=&#8221;center&#8221; align_last_edited=&#8221;on|tablet&#8221; _builder_version=&#8221;4.25.0&#8243; _module_preset=&#8221;default&#8221; max_height=&#8221;419px&#8221; custom_margin=&#8221;0px||||false|false&#8221; custom_padding=&#8221;||0px||false|false&#8221; custom_padding_tablet=&#8221;30px||||false|false&#8221; custom_padding_phone=&#8221;30px||||false|false&#8221; custom_padding_last_edited=&#8221;on|desktop&#8221; border_radii=&#8221;off|||100%|100%&#8221; global_colors_info=&#8221;{}&#8221;][\/et_pb_image][\/et_pb_column][\/et_pb_row][et_pb_row _builder_version=&#8221;4.17.6&#8243; _module_preset=&#8221;default&#8221; global_colors_info=&#8221;{}&#8221;][et_pb_column type=&#8221;4_4&#8243; _builder_version=&#8221;4.17.6&#8243; _module_preset=&#8221;default&#8221; global_colors_info=&#8221;{}&#8221;][et_pb_text _builder_version=&#8221;4.27.0&#8243; _module_preset=&#8221;default&#8221; header_font_size=&#8221;40px&#8221; scroll_horizontal_motion=&#8221;0|80|80|100|0|0|-4&#8243; hover_enabled=&#8221;0&#8243; sticky_position_last_edited=&#8221;off|desktop&#8221; scroll_horizontal_motion_tablet=&#8221;0|80|80|100|0|0|0&#8243; scroll_horizontal_motion_phone=&#8221;0|80|80|100|0|0|0&#8243; scroll_horizontal_motion_last_edited=&#8221;on|phone&#8221; global_colors_info=&#8221;{}&#8221; sticky_enabled=&#8221;0&#8243;]<\/p>\n<h2>Interior designers in Malaga<\/h2>\n<p>[\/et_pb_text][et_pb_text _builder_version=&#8221;4.27.0&#8243; _module_preset=&#8221;default&#8221; hover_enabled=&#8221;0&#8243; global_colors_info=&#8221;{}&#8221; sticky_enabled=&#8221;0&#8243;]<\/p>\n<p>We are <strong>interior designers in Malaga<\/strong> with more than 10 years of experience, academically trained at the San Telmo School of Art, Malaga, as Senior Technicians in Projects and Management of Decoration Works and Senior Technician in Furnishing. Professionally we have carried out independent projects and collaborated in different professional studios as interior designers in Malaga.<\/p>\n<p>[\/et_pb_text][\/et_pb_column][\/et_pb_row][et_pb_row column_structure=&#8221;1_2,1_2&#8243; _builder_version=&#8221;4.17.6&#8243; _module_preset=&#8221;default&#8221; global_colors_info=&#8221;{}&#8221;][et_pb_column type=&#8221;1_2&#8243; _builder_version=&#8221;4.17.6&#8243; _module_preset=&#8221;default&#8221; global_colors_info=&#8221;{}&#8221;][et_pb_text _builder_version=&#8221;4.27.0&#8243; _module_preset=&#8221;default&#8221; header_font_size=&#8221;40px&#8221; header_2_font_size=&#8221;35px&#8221; hover_enabled=&#8221;0&#8243; global_colors_info=&#8221;{}&#8221; sticky_enabled=&#8221;0&#8243;]<\/p>\n<h2>Experienced Interior Designers<\/h2>\n<p>If you are looking for <strong>an <a href=\"https:\/\/vikainterior.com\/en\/interior-design-malaga\/\">interior design expert in Malaga<\/a><\/strong>, contact us and we will see the best options for your project.<\/p>\n<p>We are very <strong>versatile<\/strong> interior designers and <strong>involved<\/strong> in each project, passionate about our work, interior design.<\/p>\n<p>We try to create spaces with a different design, practical and functional, with serene environments that connect rooms with a unique sense, with a <strong>modern design<\/strong>, using a combination of <strong>natural and innovative materials.<\/strong><\/p>\n<p>[\/et_pb_text][\/et_pb_column][et_pb_column type=&#8221;1_2&#8243; _builder_version=&#8221;4.17.6&#8243; _module_preset=&#8221;default&#8221; global_colors_info=&#8221;{}&#8221;][et_pb_image src=&#8221;https:\/\/vikainterior.com\/wp-content\/uploads\/2022\/08\/sky-garden.jpeg&#8221; alt=&#8221;dise\u00f1ador de interiores en m\u00e1laga&#8221; title_text=&#8221;sky garden&#8221; align=&#8221;center&#8221; _builder_version=&#8221;4.21.0&#8243; _module_preset=&#8221;default&#8221; width=&#8221;74%&#8221; width_tablet=&#8221;54%&#8221; width_phone=&#8221;54%&#8221; width_last_edited=&#8221;on|phone&#8221; custom_padding_tablet=&#8221;2em||||false|false&#8221; custom_padding_phone=&#8221;2em||||false|false&#8221; custom_padding_last_edited=&#8221;on|tablet&#8221; border_radii=&#8221;off||100%|100%|&#8221; global_colors_info=&#8221;{}&#8221;][\/et_pb_image][\/et_pb_column][\/et_pb_row][et_pb_row _builder_version=&#8221;4.27.0&#8243; _module_preset=&#8221;default&#8221; global_colors_info=&#8221;{}&#8221;][et_pb_column type=&#8221;4_4&#8243; _builder_version=&#8221;4.17.6&#8243; _module_preset=&#8221;default&#8221; global_colors_info=&#8221;{}&#8221;][et_pb_text _builder_version=&#8221;4.17.6&#8243; _module_preset=&#8221;default&#8221; global_colors_info=&#8221;{}&#8221;]<\/p>\n<h3>Interior design in Malaga: Vika Interior<\/h3>\n<p>We think that having a good synergy with the client is important to be able to help achieve their dreams, <em>&#8220;the end of the road of a project is to fulfill a dream&#8221;<\/em>.<\/p>\n<p>[\/et_pb_text][et_pb_button button_url=&#8221;@ET-DC@eyJkeW5hbWljIjp0cnVlLCJjb250ZW50IjoicG9zdF9saW5rX3VybF9wYWdlIiwic2V0dGluZ3MiOnsicG9zdF9pZCI6IjQ2In19@&#8221; button_text=&#8221;Contact&#8221; button_alignment=&#8221;center&#8221; _builder_version=&#8221;4.27.0&#8243; _dynamic_attributes=&#8221;button_url&#8221; _module_preset=&#8221;default&#8221; scroll_vertical_motion=&#8221;0|30|30|100|4|0|-4&#8243; scroll_horizontal_motion=&#8221;0|50|54|100|0|0|13&#8243; scroll_horizontal_motion_tablet=&#8221;0|50|54|100|0|0|0&#8243; scroll_horizontal_motion_phone=&#8221;0|50|54|100|0|0|0&#8243; scroll_horizontal_motion_last_edited=&#8221;on|tablet&#8221; global_colors_info=&#8221;{}&#8221;][\/et_pb_button][\/et_pb_column][\/et_pb_row][\/et_pb_section][et_pb_section fb_built=&#8221;1&#8243; _builder_version=&#8221;4.24.0&#8243; _module_preset=&#8221;default&#8221; custom_margin=&#8221;0px||0px||true|false&#8221; custom_padding=&#8221;0px||0px||true|false&#8221; border_width_bottom=&#8221;1px&#8221; locked=&#8221;off&#8221; global_colors_info=&#8221;{}&#8221;][et_pb_row column_structure=&#8221;1_2,1_2&#8243; make_equal=&#8221;on&#8221; _builder_version=&#8221;4.26.1&#8243; _module_preset=&#8221;default&#8221; custom_margin=&#8221;50px||50px||true|false&#8221; custom_padding=&#8221;0px||0px||true|false&#8221; locked=&#8221;off&#8221; global_colors_info=&#8221;{}&#8221; custom_css_main_element_last_edited=&#8221;on|desktop&#8221; custom_css_main_element_tablet=&#8221;min-width: 100vw; &#8221; custom_css_main_element_phone=&#8221;min-width: 100vw; &#8220;][et_pb_column type=&#8221;1_2&#8243; _builder_version=&#8221;4.26.1&#8243; _module_preset=&#8221;default&#8221; background_image=&#8221;https:\/\/vikainterior.com\/wp-content\/uploads\/2024\/07\/ALFONSO-01-1.jpg&#8221; scroll_horizontal_motion=&#8221;0|65|65|100|0|0|-8&#8243; scroll_horizontal_motion_tablet=&#8221;0|65|65|100|0|0|0&#8243; scroll_horizontal_motion_phone=&#8221;0|65|65|100|0|0|0&#8243; scroll_horizontal_motion_last_edited=&#8221;on|desktop&#8221; custom_css_main_element=&#8221;clip-path: ellipse(90% 100% at right);&#8221; global_colors_info=&#8221;{}&#8221;][et_pb_text _builder_version=&#8221;4.26.1&#8243; _module_preset=&#8221;default&#8221; text_text_color=&#8221;RGBA(255,255,255,0)&#8221; custom_margin_tablet=&#8221;||||false|false&#8221; custom_margin_phone=&#8221;||||false|false&#8221; custom_margin_last_edited=&#8221;on|tablet&#8221; custom_padding=&#8221;15em||15em||true|false&#8221; global_colors_info=&#8221;{}&#8221;][\/et_pb_text][\/et_pb_column][et_pb_column type=&#8221;1_2&#8243; module_class=&#8221;vertical-align&#8221; _builder_version=&#8221;4.24.0&#8243; _module_preset=&#8221;default&#8221; scroll_horizontal_motion=&#8221;0|65|65|100|0|0|8&#8243; scroll_horizontal_motion_tablet=&#8221;0|65|65|100|0|0|0&#8243; scroll_horizontal_motion_phone=&#8221;0|65|65|100|0|0|0&#8243; scroll_horizontal_motion_last_edited=&#8221;on|tablet&#8221; global_colors_info=&#8221;{}&#8221;][et_pb_text _builder_version=&#8221;4.26.1&#8243; _module_preset=&#8221;default&#8221; header_3_line_height=&#8221;0.8em&#8221; custom_margin_tablet=&#8221;3em|3em||3em|false|true&#8221; custom_margin_phone=&#8221;3em|3em||3em|false|false&#8221; custom_margin_last_edited=&#8221;on|phone&#8221; global_colors_info=&#8221;{}&#8221;]<\/p>\n<h2>Alfonso<\/h2>\n<p>[\/et_pb_text][et_pb_text _builder_version=&#8221;4.25.1&#8243; _module_preset=&#8221;default&#8221; custom_margin_tablet=&#8221;|3em|3em|3em|false|true&#8221; custom_margin_phone=&#8221;|3em|3em|3em|false|true&#8221; custom_margin_last_edited=&#8221;on|tablet&#8221; custom_padding_tablet=&#8221;&#8221; custom_padding_phone=&#8221;&#8221; custom_padding_last_edited=&#8221;on|desktop&#8221; global_colors_info=&#8221;{}&#8221; custom_css_main_element_last_edited=&#8221;on|phone&#8221; custom_css_main_element_tablet=&#8221;column-count: 2;&#8221; custom_css_main_element_phone=&#8221;column-count: 1;&#8221;]<\/p>\n<p>As interior decorators we can collaborate with the design and coordination of the work. From the design of new spaces or reform of these, both in commercial spaces, offices, homes, etc.<\/p>\n<p>As interior designers in Malaga, always with good and fluid communication with clients, we will help and guide them until they reach the point of making their dream come true. Contributing great ideas, creativity and restructuring of ideas to reach the level of perfection seen from the client&#8217;s prism.<\/p>\n<p>[\/et_pb_text][et_pb_button button_url=&#8221;@ET-DC@eyJkeW5hbWljIjp0cnVlLCJjb250ZW50IjoicG9zdF9saW5rX3VybF9wYWdlIiwic2V0dGluZ3MiOnsicG9zdF9pZCI6IjQ0In19@&#8221; button_text=&#8221;Our jobs&#8221; button_alignment_tablet=&#8221;center&#8221; button_alignment_phone=&#8221;center&#8221; button_alignment_last_edited=&#8221;on|tablet&#8221; _builder_version=&#8221;4.17.6&#8243; _dynamic_attributes=&#8221;button_url&#8221; _module_preset=&#8221;default&#8221; custom_margin_tablet=&#8221;||3em||false|false&#8221; custom_margin_phone=&#8221;||3em||false|false&#8221; custom_margin_last_edited=&#8221;on|tablet&#8221; global_colors_info=&#8221;{}&#8221;][\/et_pb_button][\/et_pb_column][\/et_pb_row][\/et_pb_section][et_pb_section fb_built=&#8221;1&#8243; _builder_version=&#8221;4.24.0&#8243; _module_preset=&#8221;default&#8221; custom_margin=&#8221;0px||0px||true|false&#8221; custom_padding=&#8221;0px||0px||true|false&#8221; border_width_bottom=&#8221;1px&#8221; locked=&#8221;off&#8221; global_colors_info=&#8221;{}&#8221;][et_pb_row column_structure=&#8221;1_2,1_2&#8243; make_equal=&#8221;on&#8221; _builder_version=&#8221;4.25.1&#8243; _module_preset=&#8221;default&#8221; custom_margin=&#8221;50px||50px||true|false&#8221; custom_padding=&#8221;0px||0px||true|false&#8221; locked=&#8221;off&#8221; global_colors_info=&#8221;{}&#8221; custom_css_main_element_last_edited=&#8221;on|desktop&#8221; custom_css_main_element_tablet=&#8221;Display: flex;||Flex-direction:column-reverse;&#8221; custom_css_main_element_phone=&#8221;Display: flex;||Flex-direction:column-reverse;&#8221;][et_pb_column type=&#8221;1_2&#8243; module_class=&#8221;vertical-align&#8221; _builder_version=&#8221;4.24.0&#8243; _module_preset=&#8221;default&#8221; scroll_horizontal_motion=&#8221;0|65|65|100|0|0|8&#8243; scroll_horizontal_motion_tablet=&#8221;0|65|65|100|0|0|0&#8243; scroll_horizontal_motion_phone=&#8221;0|65|65|100|0|0|0&#8243; scroll_horizontal_motion_last_edited=&#8221;on|tablet&#8221; global_colors_info=&#8221;{}&#8221;][et_pb_text _builder_version=&#8221;4.26.1&#8243; _module_preset=&#8221;default&#8221; header_3_line_height=&#8221;0.8em&#8221; custom_margin_tablet=&#8221;3em|3em||3em|false|true&#8221; custom_margin_phone=&#8221;3em|3em||3em|false|false&#8221; custom_margin_last_edited=&#8221;on|phone&#8221; global_colors_info=&#8221;{}&#8221;]<\/p>\n<h2>Saray<\/h2>\n<p>[\/et_pb_text][et_pb_text _builder_version=&#8221;4.25.1&#8243; _module_preset=&#8221;default&#8221; custom_margin_tablet=&#8221;|3em|3em|3em|false|true&#8221; custom_margin_phone=&#8221;|3em|3em|3em|false|true&#8221; custom_margin_last_edited=&#8221;on|tablet&#8221; custom_padding_tablet=&#8221;&#8221; custom_padding_phone=&#8221;&#8221; custom_padding_last_edited=&#8221;on|desktop&#8221; global_colors_info=&#8221;{}&#8221; custom_css_main_element_last_edited=&#8221;on|phone&#8221; custom_css_main_element_tablet=&#8221;column-count: 2;&#8221; custom_css_main_element_phone=&#8221;column-count: 1;&#8221;]<\/p>\n<p>Amante del dise\u00f1o, el arte y la moda. Formada acad\u00e9micamente en la escuela de arte San Telmo, Malaga, como t\u00e9cnico superior en proyectos y direcci\u00f3n de obras del interiorismo, con m\u00e1s de 12 a\u00f1os de experiencia en el sector del dise\u00f1o de interiores.<\/p>\n<p>Por su experiencia, educaci\u00f3n, aprendizajes, sabe captar las necesidades del cliente para crear espacios con gusto y elegancia, a la par de c\u00f3modos, funcionales y atractivos.<\/p>\n<p>[\/et_pb_text][\/et_pb_column][et_pb_column type=&#8221;1_2&#8243; _builder_version=&#8221;4.25.1&#8243; _module_preset=&#8221;default&#8221; background_image=&#8221;https:\/\/vikainterior.com\/wp-content\/uploads\/2024\/07\/SARAY-01-1.jpg&#8221; scroll_horizontal_motion=&#8221;0|65|65|100|0|0|-8&#8243; scroll_horizontal_motion_tablet=&#8221;0|65|65|100|0|0|0&#8243; scroll_horizontal_motion_phone=&#8221;0|65|65|100|0|0|0&#8243; scroll_horizontal_motion_last_edited=&#8221;on|desktop&#8221; custom_css_main_element=&#8221;clip-path: ellipse(90% 100% at left);&#8221; global_colors_info=&#8221;{}&#8221;][et_pb_text _builder_version=&#8221;4.26.1&#8243; _module_preset=&#8221;default&#8221; text_text_color=&#8221;RGBA(255,255,255,0)&#8221; custom_margin_tablet=&#8221;||||false|false&#8221; custom_margin_phone=&#8221;||||false|false&#8221; custom_margin_last_edited=&#8221;on|tablet&#8221; custom_padding=&#8221;15em||15em||true|false&#8221; global_colors_info=&#8221;{}&#8221;][\/et_pb_text][\/et_pb_column][\/et_pb_row][\/et_pb_section][et_pb_section fb_built=&#8221;1&#8243; _builder_version=&#8221;4.17.6&#8243; _module_preset=&#8221;default&#8221; custom_padding=&#8221;0px||0px||true|false&#8221; border_width_bottom=&#8221;1px&#8221; global_colors_info=&#8221;{}&#8221;][et_pb_row _builder_version=&#8221;4.17.6&#8243; _module_preset=&#8221;default&#8221; custom_padding=&#8221;0px||0px||true|false&#8221; custom_css_main_element=&#8221;min-width: 100vw; &#8221; global_colors_info=&#8221;{}&#8221;][et_pb_column type=&#8221;4_4&#8243; _builder_version=&#8221;4.17.6&#8243; _module_preset=&#8221;default&#8221; global_colors_info=&#8221;{}&#8221;][et_pb_gallery gallery_ids=&#8221;235482,235484,235485&#8243; fullwidth=&#8221;on&#8221; _builder_version=&#8221;4.18.0&#8243; _module_preset=&#8221;default&#8221; width=&#8221;61%&#8221; module_alignment=&#8221;center&#8221; custom_padding=&#8221;2em|4em|4em|4em|false|true&#8221; border_radii=&#8221;on|5px|5px|5px|5px&#8221; global_colors_info=&#8221;{}&#8221;][\/et_pb_gallery][\/et_pb_column][\/et_pb_row][\/et_pb_section][et_pb_section fb_built=&#8221;1&#8243; disabled_on=&#8221;off|off|off&#8221; _builder_version=&#8221;4.17.6&#8243; _module_preset=&#8221;default&#8221; custom_padding=&#8221;0px||0px||true|false&#8221; border_width_top=&#8221;1px&#8221; global_colors_info=&#8221;{}&#8221;][et_pb_row column_structure=&#8221;2_3,1_3&#8243; disabled_on=&#8221;on|on|off&#8221; _builder_version=&#8221;4.26.1&#8243; _module_preset=&#8221;default&#8221; custom_padding=&#8221;0px||0px||false|false&#8221; custom_css_main_element=&#8221;min-width: 100vw; &#8221; global_colors_info=&#8221;{}&#8221;][et_pb_column type=&#8221;2_3&#8243; _builder_version=&#8221;4.26.1&#8243; _module_preset=&#8221;default&#8221; background_color=&#8221;#EEEEEE&#8221; custom_css_main_element=&#8221;clip-path: ellipse(90% 180% at 10% 50%);||min-height: 200px;&#8221; global_colors_info=&#8221;{}&#8221;][et_pb_text _builder_version=&#8221;4.17.6&#8243; _module_preset=&#8221;default&#8221; custom_margin=&#8221;2em|5em||10em|false|false&#8221; global_colors_info=&#8221;{}&#8221;]<\/p>\n<h4>Good design is about turning dreams into reality<\/h4>\n<p>[\/et_pb_text][\/et_pb_column][et_pb_column type=&#8221;1_3&#8243; _builder_version=&#8221;4.17.6&#8243; _module_preset=&#8221;default&#8221; global_colors_info=&#8221;{}&#8221;][et_pb_text _builder_version=&#8221;4.17.6&#8243; _module_preset=&#8221;default&#8221; text_font=&#8221;AnekLatin &#8211; expanded-semibold||||||||&#8221; text_text_color=&#8221;#6C7059&#8243; text_orientation=&#8221;right&#8221; custom_margin=&#8221;||0px||false|false&#8221; custom_padding=&#8221;5em|10em|||false|false&#8221; custom_padding_tablet=&#8221;5em|10em|||false|false&#8221; custom_padding_phone=&#8221;5em|10em|||false|false&#8221; custom_padding_last_edited=&#8221;on|desktop&#8221; global_colors_info=&#8221;{}&#8221;]<\/p>\n<p>John Saladino<\/p>\n<p>[\/et_pb_text][et_pb_text _builder_version=&#8221;4.17.6&#8243; _module_preset=&#8221;default&#8221; text_font=&#8221;AnekLatin &#8211; expanded-Light||||||||&#8221; text_text_color=&#8221;#6C7059&#8243; text_line_height=&#8221;1.2em&#8221; text_orientation=&#8221;right&#8221; custom_margin=&#8221;|10em|||false|false&#8221; global_colors_info=&#8221;{}&#8221;]<\/p>\n<p>Architect<br \/>&amp; Interior Designer<\/p>\n<p>[\/et_pb_text][\/et_pb_column][\/et_pb_row][et_pb_row disabled_on=&#8221;off|off|on&#8221; _builder_version=&#8221;4.17.6&#8243; _module_preset=&#8221;default&#8221; background_color=&#8221;#EAE4DA&#8221; custom_css_main_element=&#8221;min-width: 100%; ||clip-path: ellipse(100% 100% at 0% 50%);||||||&#8221; global_colors_info=&#8221;{}&#8221;][et_pb_column type=&#8221;4_4&#8243; _builder_version=&#8221;4.17.6&#8243; _module_preset=&#8221;default&#8221; global_colors_info=&#8221;{}&#8221;][et_pb_text _builder_version=&#8221;4.17.6&#8243; _module_preset=&#8221;default&#8221; width_tablet=&#8221;&#8221; width_phone=&#8221;&#8221; width_last_edited=&#8221;on|desktop&#8221; custom_margin=&#8221;2em|5em||5em|false|false&#8221; custom_margin_tablet=&#8221;|||5em|false|false&#8221; custom_margin_phone=&#8221;|||3em|false|false&#8221; custom_margin_last_edited=&#8221;on|tablet&#8221; global_colors_info=&#8221;{}&#8221;]<\/p>\n<h4>Good design is about turning dreams into reality<\/h4>\n<p>[\/et_pb_text][et_pb_text _builder_version=&#8221;4.17.6&#8243; _module_preset=&#8221;default&#8221; text_font=&#8221;AnekLatin &#8211; expanded-semibold||||||||&#8221; text_text_color=&#8221;#6C7059&#8243; text_orientation=&#8221;right&#8221; custom_margin=&#8221;||0px||false|false&#8221; custom_padding=&#8221;|5em|||false|false&#8221; custom_padding_tablet=&#8221;|5em|||false|false&#8221; custom_padding_phone=&#8221;|3em|||false|false&#8221; custom_padding_last_edited=&#8221;on|phone&#8221; global_colors_info=&#8221;{}&#8221;]<\/p>\n<p>John Saladino<\/p>\n<p>[\/et_pb_text][et_pb_text _builder_version=&#8221;4.17.6&#8243; _module_preset=&#8221;default&#8221; text_font=&#8221;AnekLatin &#8211; expanded-Light||||||||&#8221; text_text_color=&#8221;#6C7059&#8243; text_line_height=&#8221;1.2em&#8221; text_orientation=&#8221;right&#8221; custom_margin=&#8221;|5em|27px||false|false&#8221; custom_margin_tablet=&#8221;|5em|27px||false|false&#8221; custom_margin_phone=&#8221;|3em|27px||false|false&#8221; custom_margin_last_edited=&#8221;on|tablet&#8221; global_colors_info=&#8221;{}&#8221;]<\/p>\n<p>Architect<br \/>&amp; Interior Designer<\/p>\n<p>[\/et_pb_text][\/et_pb_column][\/et_pb_row][\/et_pb_section]<\/p>\n","protected":false},"excerpt":{"rendered":"<p>Interior designers in MalagaAs an interior design studio in Malaga we work with a multidisciplinary team of interior designers motivated by our vocation to offer a service aimed at transforming your space into a unique place.Find out how we work in interior design in Malaga, and the visible face behind each interior design project, Alfonso [&hellip;]<\/p>\n","protected":false},"author":3,"featured_media":238518,"parent":0,"menu_order":0,"comment_status":"closed","ping_status":"closed","template":"","meta":{"_et_pb_use_builder":"on","_et_pb_old_content":"","_et_gb_content_width":"","_joinchat":[],"footnotes":""},"class_list":["post-235999","page","type-page","status-publish","has-post-thumbnail","hentry"],"_links":{"self":[{"href":"https:\/\/vikainterior.com\/en\/wp-json\/wp\/v2\/pages\/235999","targetHints":{"allow":["GET"]}}],"collection":[{"href":"https:\/\/vikainterior.com\/en\/wp-json\/wp\/v2\/pages"}],"about":[{"href":"https:\/\/vikainterior.com\/en\/wp-json\/wp\/v2\/types\/page"}],"author":[{"embeddable":true,"href":"https:\/\/vikainterior.com\/en\/wp-json\/wp\/v2\/users\/3"}],"replies":[{"embeddable":true,"href":"https:\/\/vikainterior.com\/en\/wp-json\/wp\/v2\/comments?post=235999"}],"version-history":[{"count":37,"href":"https:\/\/vikainterior.com\/en\/wp-json\/wp\/v2\/pages\/235999\/revisions"}],"predecessor-version":[{"id":239039,"href":"https:\/\/vikainterior.com\/en\/wp-json\/wp\/v2\/pages\/235999\/revisions\/239039"}],"wp:featuredmedia":[{"embeddable":true,"href":"https:\/\/vikainterior.com\/en\/wp-json\/wp\/v2\/media\/238518"}],"wp:attachment":[{"href":"https:\/\/vikainterior.com\/en\/wp-json\/wp\/v2\/media?parent=235999"}],"curies":[{"name":"wp","href":"https:\/\/api.w.org\/{rel}","templated":true}]}}